{"id":9723,"date":"2024-05-03T07:47:04","date_gmt":"2024-05-03T05:47:04","guid":{"rendered":"https:\/\/aafcb.cat\/links\/"},"modified":"2024-05-03T11:33:25","modified_gmt":"2024-05-03T09:33:25","slug":"links","status":"publish","type":"page","link":"https:\/\/aafcb.cat\/en\/links\/","title":{"rendered":"Links"},"content":{"rendered":"<p>[et_pb_section fb_built=&#8221;1&#8243; fullwidth=&#8221;on&#8221; _builder_version=&#8221;4.21.0&#8243; _module_preset=&#8221;default&#8221; hover_enabled=&#8221;0&#8243; global_colors_info=&#8221;{}&#8221; sticky_enabled=&#8221;0&#8243;][et_pb_fullwidth_header title=&#8221;Links&#8221; _builder_version=&#8221;4.21.0&#8243; _module_preset=&#8221;default&#8221; hover_enabled=&#8221;0&#8243; global_colors_info=&#8221;{}&#8221; sticky_enabled=&#8221;0&#8243;][\/et_pb_fullwidth_header][\/et_pb_section][et_pb_section fb_built=&#8221;1&#8243; custom_padding_last_edited=&#8221;on|desktop&#8221; admin_label=&#8221;section&#8221; _builder_version=&#8221;4.16&#8243; background_color=&#8221;#f7f7f7&#8243; custom_padding_tablet=&#8221;50px|0|50px|0&#8243; custom_padding_phone=&#8221;&#8221; hover_enabled=&#8221;0&#8243; transparent_background=&#8221;off&#8221; padding_mobile=&#8221;off&#8221; make_fullwidth=&#8221;off&#8221; use_custom_width=&#8221;off&#8221; width_unit=&#8221;off&#8221; custom_width_px=&#8221;1080px&#8221; custom_width_percent=&#8221;80%&#8221; global_colors_info=&#8221;{}&#8221; sticky_enabled=&#8221;0&#8243;][et_pb_row padding_mobile=&#8221;off&#8221; column_padding_mobile=&#8221;on&#8221; admin_label=&#8221;row&#8221; module_id=&#8221;act_modelisme&#8221; _builder_version=&#8221;4.16&#8243; background_size=&#8221;initial&#8221; background_position=&#8221;top_left&#8221; background_repeat=&#8221;repeat&#8221; hover_enabled=&#8221;0&#8243; make_fullwidth=&#8221;off&#8221; use_custom_width=&#8221;off&#8221; width_unit=&#8221;off&#8221; custom_width_px=&#8221;1080px&#8221; custom_width_percent=&#8221;80%&#8221; global_colors_info=&#8221;{}&#8221; sticky_enabled=&#8221;0&#8243;][et_pb_column type=&#8221;4_4&#8243; _builder_version=&#8221;4.16&#8243; custom_padding=&#8221;|||&#8221; global_colors_info=&#8221;{}&#8221; custom_padding__hover=&#8221;|||&#8221;][et_pb_tabs _builder_version=&#8221;4.23.1&#8243; background_size=&#8221;initial&#8221; background_position=&#8221;top_left&#8221; background_repeat=&#8221;repeat&#8221; hover_enabled=&#8221;0&#8243; use_border_color=&#8221;off&#8221; global_colors_info=&#8221;{}&#8221; sticky_enabled=&#8221;0&#8243;][et_pb_tab title=&#8221;ORGANIZATIONS AND ASSOCIATIONS&#8221; _builder_version=&#8221;4.16&#8243; global_colors_info=&#8221;{}&#8221;]<\/p>\n<ul>\n<li>\n<div><a href=\"http:\/\/www.facebook.com\/group.php?gid=61254996116&amp;v=wall\">Facebook Associaci\u00f2<\/a><\/div>\n<\/li>\n<li>\n<div><a href=\"http:\/\/www.fcaf.cat\/\">Federaci\u00f3 Catalana d\u2019Amics del Ferrocarril<\/a><\/div>\n<\/li>\n<li>\n<div><a href=\"http:\/\/www.amigosdelferrocarril.es\/\">Federaci\u00f3n Espa\u00f1ola de Amigos del Ferrocarril<\/a><\/div>\n<\/li>\n<li>\n<div><a title=\"Associacio Recuperacio Material Ferroviari\" href=\"http:\/\/www.armf.net\/ca\/index.php\" target=\"_blank\" rel=\"noopener\">Asociacio per la Recuperacio de Material Ferroviari<\/a><\/div>\n<\/li>\n<li>\n<div><a title=\"Federaci\u00f3n Castellano Manchega de Amigos del Ferrocarril\" href=\"http:\/\/www.fcmaf.es\/\">Federaci\u00f3n Castellano Manchega de Amigos del Ferrocarril<\/a><\/div>\n<\/li>\n<li>\n<div><a title=\"Forum Transport Catala\" href=\"http:\/\/www.transport.cat\/\">F\u00f2rum del transport catal\u00e0<\/a><\/div>\n<\/li>\n<li>\n<div><a href=\"http:\/\/www.transportpublic.org\/\">PTP \u00b7 Promocio del Transport Public<\/a><\/div>\n<\/li>\n<\/ul>\n<p>[\/et_pb_tab][et_pb_tab title=&#8221;RAILWAY COMPANIES&#8221; _builder_version=&#8221;4.16&#8243; global_colors_info=&#8221;{}&#8221;]<\/p>\n<ul>\n<li><a title=\"Ferrocarrils Generalitat de Catalunya-FGC\" href=\"http:\/\/www.fgc.cat\" target=\"_blank\" rel=\"noopener\">FGC<\/a><\/li>\n<li><a title=\"RENFE - Operador estat espanyol\" href=\"http:\/\/www.renfe.es\/\" target=\"_blank\" rel=\"noopener\">RENFE<\/a><\/li>\n<li><a title=\"Administrador infraestrucuturas Ferroviarias\" href=\"http:\/\/www.adif.es\/\" target=\"_blank\" rel=\"noopener\">ADIF<\/a><\/li>\n<li><a title=\"Transports de Barcelona\" href=\"http:\/\/www.tmb.net\/\" target=\"_blank\" rel=\"noopener\">Transports de Barcelona<\/a><\/li>\n<li><a title=\"Ferrocarrils su\u00efssos\" href=\"http:\/\/www.cff.ch\/\" target=\"_blank\" rel=\"noopener\">Ferrocarrils Su\u00efssos Federals<\/a><\/li>\n<li><a title=\"Ferrocarrils retics\" href=\"http:\/\/www.rhb.ch\/\" target=\"_blank\" rel=\"noopener\">Ferrocarrils retics<\/a><\/li>\n<li><a title=\"Ferrocarrils alemanys\" href=\"https:\/\/www.bahn.de\" target=\"_blank\" rel=\"noopener\">Deustche Bahn<\/a><\/li>\n<li><a title=\"Ferrocarrils francesos\" href=\"http:\/\/www.sncf.fr\/\" target=\"_blank\" rel=\"noopener\">SNCF<\/a><\/li>\n<\/ul>\n<p>[\/et_pb_tab][et_pb_tab title=&#8221;MUSEUMS AND FOUNDATIONS&#8221; _builder_version=&#8221;4.16&#8243; global_colors_info=&#8221;{}&#8221;]<\/p>\n<ul>\n<li><a title=\"Fundaci\u00f3n de los Ferrocarriles Espa\u00f1oles\" href=\"http:\/\/www.ffe.es\/\" target=\"_blank\" rel=\"noopener\">Fundaci\u00f3n de los Ferrocarriles Espa\u00f1oles<\/a><\/li>\n<li><a title=\"Museu Ferrocarril Vilanova\" href=\"http:\/\/www.mnactec.cat\/museum\/museu_del_ferrocarril_de_vilanova_i_la_geltru.htm\" target=\"_blank\" rel=\"noopener\">Museu del Ferrocarril de Vilanova i la Geltru<\/a><\/li>\n<li><a title=\"Museu de Delicias\" href=\"http:\/\/www.museodelferrocarril.org\/\" target=\"_blank\" rel=\"noopener\">Museu de Delicias<\/a><\/li>\n<li><a title=\"Associacio Mora la Nova\" href=\"http:\/\/www.appfi.net\/\" target=\"_blank\" rel=\"noopener\">Fundacio per la preservacio de material ferroviari-Mora La Nova<\/a><\/li>\n<li><a title=\"ARXIU HISTORIC POBLE NOU\" href=\"http:\/\/www.arxiuhistoricpoblenou.cat\/\">Arxiu hist\u00f2ric del Poble Nou<\/a><\/li>\n<\/ul>\n<p>[\/et_pb_tab][et_pb_tab title=&#8221;FAN PAGES&#8221; _builder_version=&#8221;4.23.1&#8243; hover_enabled=&#8221;0&#8243; global_colors_info=&#8221;{}&#8221; sticky_enabled=&#8221;0&#8243;]<\/p>\n<ul>\n<li><a title=\"Joan Segura\" href=\"http:\/\/seguratraction.blogspot.com\/\" target=\"_blank\" rel=\"noopener\">Joan Segura (soci) blog personal<\/a><\/li>\n<li><a title=\"Josep Coll (soci) blog personal\" href=\"http:\/\/www.cattrens.eu\/\">Josep Coll blog personal<\/a><\/li>\n<li><a title=\"Trenscat de Bernat Borras\" href=\"http:\/\/trenscatbloc.blogspot.com\/\">Bernat Borras blog Trenscat<\/a><\/li>\n<li><a title=\"Jordi Barreda, tren.cat\" href=\"http:\/\/tren.cat\/\">Jordi Barreda, tren.cat<\/a><\/li>\n<\/ul>\n<p>[\/et_pb_tab][et_pb_tab title=&#8221;COMMERCE&#8221; _builder_version=&#8221;4.20.4&#8243; global_colors_info=&#8221;{}&#8221;]<\/p>\n<ul>\n<li><a title=\"Basar Valira - Andorra\" href=\"http:\/\/www.basarvalira.com\/\" target=\"_blank\" rel=\"noopener\">Basar Valira<\/a><\/li>\n<li><a title=\"Rocafort Modelisme\" href=\"http:\/\/www.rocafort.com\/\" target=\"_blank\" rel=\"noopener\">Rocafort<\/a><\/li>\n<li><a title=\"Botiga Lokshop - Alemania\" href=\"http:\/\/www.lokshop.de\/\" target=\"_blank\" rel=\"noopener\">Lokshop<\/a><\/li>\n<li><a title=\"Zuba Tech Sant Gallen - Su\u00efssa\" href=\"http:\/\/www.zuba-tech.ch\/\" target=\"_blank\" rel=\"noopener\">Zuba-Tech<\/a><\/li>\n<\/ul>\n<p>[\/et_pb_tab][\/et_pb_tabs][\/et_pb_column][\/et_pb_row][\/et_pb_section]<\/p>\n","protected":false},"excerpt":{"rendered":"<p>Facebook Associaci\u00f2 Federaci\u00f3 Catalana d\u2019Amics del Ferrocarril Federaci\u00f3n Espa\u00f1ola de Amigos del Ferrocarril Asociacio per la Recuperacio de Material Ferroviari Federaci\u00f3n Castellano Manchega de Amigos del Ferrocarril F\u00f2rum del transport [&hellip;]<\/p>\n","protected":false},"author":5,"featured_media":0,"parent":0,"menu_order":0,"comment_status":"closed","ping_status":"closed","template":"","meta":{"_et_pb_use_builder":"on","_et_pb_old_content":"","_et_gb_content_width":"","footnotes":""},"class_list":["post-9723","page","type-page","status-publish","hentry"],"yoast_head":"<!-- This site is optimized with the Yoast SEO plugin v27.3 - https:\/\/yoast.com\/product\/yoast-seo-wordpress\/ -->\n<title>Links - AAFCB<\/title>\n<meta name=\"robots\" content=\"index, follow, max-snippet:-1, max-image-preview:large, max-video-preview:-1\" \/>\n<link rel=\"canonical\" href=\"https:\/\/aafcb.cat\/en\/links\/\" \/>\n<meta property=\"og:locale\" content=\"en_US\" \/>\n<meta property=\"og:type\" content=\"article\" \/>\n<meta property=\"og:title\" content=\"Links - AAFCB\" \/>\n<meta property=\"og:description\" content=\"Facebook Associaci\u00f2 Federaci\u00f3 Catalana d\u2019Amics del Ferrocarril Federaci\u00f3n Espa\u00f1ola de Amigos del Ferrocarril Asociacio per la Recuperacio de Material Ferroviari Federaci\u00f3n Castellano Manchega de Amigos del Ferrocarril F\u00f2rum del transport [&hellip;]\" \/>\n<meta property=\"og:url\" content=\"https:\/\/aafcb.cat\/en\/links\/\" \/>\n<meta property=\"og:site_name\" content=\"AAFCB\" \/>\n<meta property=\"article:modified_time\" content=\"2024-05-03T09:33:25+00:00\" \/>\n<meta name=\"twitter:card\" content=\"summary_large_image\" \/>\n<meta name=\"twitter:label1\" content=\"Est. reading time\" \/>\n\t<meta name=\"twitter:data1\" content=\"2 minutes\" \/>\n<script type=\"application\/ld+json\" class=\"yoast-schema-graph\">{\"@context\":\"https:\\\/\\\/schema.org\",\"@graph\":[{\"@type\":\"WebPage\",\"@id\":\"https:\\\/\\\/aafcb.cat\\\/en\\\/links\\\/\",\"url\":\"https:\\\/\\\/aafcb.cat\\\/en\\\/links\\\/\",\"name\":\"Links - AAFCB\",\"isPartOf\":{\"@id\":\"https:\\\/\\\/aafcb.cat\\\/en\\\/#website\"},\"datePublished\":\"2024-05-03T05:47:04+00:00\",\"dateModified\":\"2024-05-03T09:33:25+00:00\",\"breadcrumb\":{\"@id\":\"https:\\\/\\\/aafcb.cat\\\/en\\\/links\\\/#breadcrumb\"},\"inLanguage\":\"en-US\",\"potentialAction\":[{\"@type\":\"ReadAction\",\"target\":[\"https:\\\/\\\/aafcb.cat\\\/en\\\/links\\\/\"]}]},{\"@type\":\"BreadcrumbList\",\"@id\":\"https:\\\/\\\/aafcb.cat\\\/en\\\/links\\\/#breadcrumb\",\"itemListElement\":[{\"@type\":\"ListItem\",\"position\":1,\"name\":\"Inici\",\"item\":\"https:\\\/\\\/aafcb.cat\\\/en\\\/home\\\/\"},{\"@type\":\"ListItem\",\"position\":2,\"name\":\"Links\"}]},{\"@type\":\"WebSite\",\"@id\":\"https:\\\/\\\/aafcb.cat\\\/en\\\/#website\",\"url\":\"https:\\\/\\\/aafcb.cat\\\/en\\\/\",\"name\":\"AAFCB\",\"description\":\"Associaci\u00f3 d&#039;Amics del Ferrocarril de Barcelona\",\"potentialAction\":[{\"@type\":\"SearchAction\",\"target\":{\"@type\":\"EntryPoint\",\"urlTemplate\":\"https:\\\/\\\/aafcb.cat\\\/en\\\/?s={search_term_string}\"},\"query-input\":{\"@type\":\"PropertyValueSpecification\",\"valueRequired\":true,\"valueName\":\"search_term_string\"}}],\"inLanguage\":\"en-US\"}]}<\/script>\n<!-- \/ Yoast SEO plugin. -->","yoast_head_json":{"title":"Links - AAFCB","robots":{"index":"index","follow":"follow","max-snippet":"max-snippet:-1","max-image-preview":"max-image-preview:large","max-video-preview":"max-video-preview:-1"},"canonical":"https:\/\/aafcb.cat\/en\/links\/","og_locale":"en_US","og_type":"article","og_title":"Links - AAFCB","og_description":"Facebook Associaci\u00f2 Federaci\u00f3 Catalana d\u2019Amics del Ferrocarril Federaci\u00f3n Espa\u00f1ola de Amigos del Ferrocarril Asociacio per la Recuperacio de Material Ferroviari Federaci\u00f3n Castellano Manchega de Amigos del Ferrocarril F\u00f2rum del transport [&hellip;]","og_url":"https:\/\/aafcb.cat\/en\/links\/","og_site_name":"AAFCB","article_modified_time":"2024-05-03T09:33:25+00:00","twitter_card":"summary_large_image","twitter_misc":{"Est. reading time":"2 minutes"},"schema":{"@context":"https:\/\/schema.org","@graph":[{"@type":"WebPage","@id":"https:\/\/aafcb.cat\/en\/links\/","url":"https:\/\/aafcb.cat\/en\/links\/","name":"Links - AAFCB","isPartOf":{"@id":"https:\/\/aafcb.cat\/en\/#website"},"datePublished":"2024-05-03T05:47:04+00:00","dateModified":"2024-05-03T09:33:25+00:00","breadcrumb":{"@id":"https:\/\/aafcb.cat\/en\/links\/#breadcrumb"},"inLanguage":"en-US","potentialAction":[{"@type":"ReadAction","target":["https:\/\/aafcb.cat\/en\/links\/"]}]},{"@type":"BreadcrumbList","@id":"https:\/\/aafcb.cat\/en\/links\/#breadcrumb","itemListElement":[{"@type":"ListItem","position":1,"name":"Inici","item":"https:\/\/aafcb.cat\/en\/home\/"},{"@type":"ListItem","position":2,"name":"Links"}]},{"@type":"WebSite","@id":"https:\/\/aafcb.cat\/en\/#website","url":"https:\/\/aafcb.cat\/en\/","name":"AAFCB","description":"Associaci\u00f3 d&#039;Amics del Ferrocarril de Barcelona","potentialAction":[{"@type":"SearchAction","target":{"@type":"EntryPoint","urlTemplate":"https:\/\/aafcb.cat\/en\/?s={search_term_string}"},"query-input":{"@type":"PropertyValueSpecification","valueRequired":true,"valueName":"search_term_string"}}],"inLanguage":"en-US"}]}},"_links":{"self":[{"href":"https:\/\/aafcb.cat\/en\/wp-json\/wp\/v2\/pages\/9723","targetHints":{"allow":["GET"]}}],"collection":[{"href":"https:\/\/aafcb.cat\/en\/wp-json\/wp\/v2\/pages"}],"about":[{"href":"https:\/\/aafcb.cat\/en\/wp-json\/wp\/v2\/types\/page"}],"author":[{"embeddable":true,"href":"https:\/\/aafcb.cat\/en\/wp-json\/wp\/v2\/users\/5"}],"replies":[{"embeddable":true,"href":"https:\/\/aafcb.cat\/en\/wp-json\/wp\/v2\/comments?post=9723"}],"version-history":[{"count":8,"href":"https:\/\/aafcb.cat\/en\/wp-json\/wp\/v2\/pages\/9723\/revisions"}],"predecessor-version":[{"id":9893,"href":"https:\/\/aafcb.cat\/en\/wp-json\/wp\/v2\/pages\/9723\/revisions\/9893"}],"wp:attachment":[{"href":"https:\/\/aafcb.cat\/en\/wp-json\/wp\/v2\/media?parent=9723"}],"curies":[{"name":"wp","href":"https:\/\/api.w.org\/{rel}","templated":true}]}}