{"id":9477,"date":"2024-03-08T15:39:06","date_gmt":"2024-03-08T14:39:06","guid":{"rendered":"https:\/\/aafcb.cat\/galeria-de-imagenes-y-videos\/"},"modified":"2024-03-08T15:39:07","modified_gmt":"2024-03-08T14:39:07","slug":"galeria-de-imagenes-y-videos","status":"publish","type":"page","link":"https:\/\/aafcb.cat\/es\/galeria-de-imagenes-y-videos\/","title":{"rendered":"Galer\u00eda de im\u00e1genes y v\u00eddeos"},"content":{"rendered":"<p>[et_pb_section fb_built=\u00bb1&#8243; fullwidth=\u00bbon\u00bb theme_builder_area=\u00bbpost_content\u00bb _builder_version=\u00bb4.21.0&#8243; _module_preset=\u00bbdefault\u00bb][et_pb_fullwidth_header _builder_version=\u00bb4.21.0&#8243; _module_preset=\u00bbdefault\u00bb theme_builder_area=\u00bbpost_content\u00bb title=\u00bbGaler\u00eda de im\u00e1genes y v\u00eddeos\u00bb hover_enabled=\u00bb0&#8243; sticky_enabled=\u00bb0&#8243;][\/et_pb_fullwidth_header][\/et_pb_section][et_pb_section fb_built=\u00bb1&#8243; custom_padding_last_edited=\u00bbon|desktop\u00bb admin_label=\u00bbsection\u00bb _builder_version=\u00bb4.16&#8243; custom_padding_tablet=\u00bb50px|0|50px|0&#8243; transparent_background=\u00bboff\u00bb padding_mobile=\u00bboff\u00bb make_fullwidth=\u00bboff\u00bb use_custom_width=\u00bboff\u00bb width_unit=\u00bboff\u00bb custom_width_px=\u00bb1080px\u00bb custom_width_percent=\u00bb80%\u00bb global_colors_info=\u00bb{}\u00bb custom_padding_phone=\u00bb50px|0|50px|0&#8243;][et_pb_row padding_mobile=\u00bboff\u00bb column_padding_mobile=\u00bbon\u00bb admin_label=\u00bbrow\u00bb _builder_version=\u00bb4.16&#8243; background_size=\u00bbinitial\u00bb background_position=\u00bbtop_left\u00bb background_repeat=\u00bbrepeat\u00bb make_fullwidth=\u00bboff\u00bb use_custom_width=\u00bboff\u00bb width_unit=\u00bboff\u00bb custom_width_px=\u00bb1080px\u00bb custom_width_percent=\u00bb80%\u00bb global_colors_info=\u00bb{}\u00bb][et_pb_column type=\u00bb4_4&#8243; _builder_version=\u00bb4.16&#8243; custom_padding=\u00bb|||\u00bb global_colors_info=\u00bb{}\u00bb custom_padding__hover=\u00bb|||\u00bb][et_pb_blog fullwidth=\u00bboff\u00bb posts_number=\u00bb-1&#8243; include_categories=\u00bb95&#8243; show_author=\u00bboff\u00bb show_date=\u00bboff\u00bb show_pagination=\u00bboff\u00bb use_overlay=\u00bbon\u00bb overlay_icon_color=\u00bb#999933&#8243; hover_overlay_color=\u00bbrgba(0,102,51,0.75)\u00bb hover_icon=\u00bb\ue050||divi||400&#8243; admin_label=\u00bbBlog\u00bb _builder_version=\u00bb4.16&#8243; use_border_color=\u00bboff\u00bb border_color=\u00bb#ffffff\u00bb border_width=\u00bb1px\u00bb border_style=\u00bbsolid\u00bb use_dropshadow=\u00bboff\u00bb global_colors_info=\u00bb{}\u00bb] [\/et_pb_blog][\/et_pb_column][\/et_pb_row][\/et_pb_section]<\/p>\n","protected":false},"excerpt":{"rendered":"","protected":false},"author":5,"featured_media":0,"parent":0,"menu_order":0,"comment_status":"closed","ping_status":"closed","template":"","meta":{"_et_pb_use_builder":"on","_et_pb_old_content":"","_et_gb_content_width":"","footnotes":""},"class_list":["post-9477","page","type-page","status-publish","hentry"],"yoast_head":"<!-- This site is optimized with the Yoast SEO plugin v27.3 - https:\/\/yoast.com\/product\/yoast-seo-wordpress\/ -->\n<title>Galer\u00eda de im\u00e1genes y v\u00eddeos - AAFCB<\/title>\n<meta name=\"robots\" content=\"index, follow, max-snippet:-1, max-image-preview:large, max-video-preview:-1\" \/>\n<link rel=\"canonical\" href=\"https:\/\/aafcb.cat\/es\/galeria-de-imagenes-y-videos\/\" \/>\n<meta property=\"og:locale\" content=\"es_ES\" \/>\n<meta property=\"og:type\" content=\"article\" \/>\n<meta property=\"og:title\" content=\"Galer\u00eda de im\u00e1genes y v\u00eddeos - AAFCB\" \/>\n<meta property=\"og:url\" content=\"https:\/\/aafcb.cat\/es\/galeria-de-imagenes-y-videos\/\" \/>\n<meta property=\"og:site_name\" content=\"AAFCB\" \/>\n<meta property=\"article:modified_time\" content=\"2024-03-08T14:39:07+00:00\" \/>\n<meta name=\"twitter:card\" content=\"summary_large_image\" \/>\n<meta name=\"twitter:label1\" content=\"Tiempo de lectura\" \/>\n\t<meta name=\"twitter:data1\" content=\"1 minuto\" \/>\n<script type=\"application\/ld+json\" class=\"yoast-schema-graph\">{\"@context\":\"https:\\\/\\\/schema.org\",\"@graph\":[{\"@type\":\"WebPage\",\"@id\":\"https:\\\/\\\/aafcb.cat\\\/es\\\/galeria-de-imagenes-y-videos\\\/\",\"url\":\"https:\\\/\\\/aafcb.cat\\\/es\\\/galeria-de-imagenes-y-videos\\\/\",\"name\":\"Galer\u00eda de im\u00e1genes y v\u00eddeos - AAFCB\",\"isPartOf\":{\"@id\":\"https:\\\/\\\/aafcb.cat\\\/es\\\/#website\"},\"datePublished\":\"2024-03-08T14:39:06+00:00\",\"dateModified\":\"2024-03-08T14:39:07+00:00\",\"breadcrumb\":{\"@id\":\"https:\\\/\\\/aafcb.cat\\\/es\\\/galeria-de-imagenes-y-videos\\\/#breadcrumb\"},\"inLanguage\":\"es\",\"potentialAction\":[{\"@type\":\"ReadAction\",\"target\":[\"https:\\\/\\\/aafcb.cat\\\/es\\\/galeria-de-imagenes-y-videos\\\/\"]}]},{\"@type\":\"BreadcrumbList\",\"@id\":\"https:\\\/\\\/aafcb.cat\\\/es\\\/galeria-de-imagenes-y-videos\\\/#breadcrumb\",\"itemListElement\":[{\"@type\":\"ListItem\",\"position\":1,\"name\":\"Inici\",\"item\":\"https:\\\/\\\/aafcb.cat\\\/es\\\/\"},{\"@type\":\"ListItem\",\"position\":2,\"name\":\"Galer\u00eda de im\u00e1genes y v\u00eddeos\"}]},{\"@type\":\"WebSite\",\"@id\":\"https:\\\/\\\/aafcb.cat\\\/es\\\/#website\",\"url\":\"https:\\\/\\\/aafcb.cat\\\/es\\\/\",\"name\":\"AAFCB\",\"description\":\"Associaci\u00f3 d&#039;Amics del Ferrocarril de Barcelona\",\"potentialAction\":[{\"@type\":\"SearchAction\",\"target\":{\"@type\":\"EntryPoint\",\"urlTemplate\":\"https:\\\/\\\/aafcb.cat\\\/es\\\/?s={search_term_string}\"},\"query-input\":{\"@type\":\"PropertyValueSpecification\",\"valueRequired\":true,\"valueName\":\"search_term_string\"}}],\"inLanguage\":\"es\"}]}<\/script>\n<!-- \/ Yoast SEO plugin. -->","yoast_head_json":{"title":"Galer\u00eda de im\u00e1genes y v\u00eddeos - AAFCB","robots":{"index":"index","follow":"follow","max-snippet":"max-snippet:-1","max-image-preview":"max-image-preview:large","max-video-preview":"max-video-preview:-1"},"canonical":"https:\/\/aafcb.cat\/es\/galeria-de-imagenes-y-videos\/","og_locale":"es_ES","og_type":"article","og_title":"Galer\u00eda de im\u00e1genes y v\u00eddeos - AAFCB","og_url":"https:\/\/aafcb.cat\/es\/galeria-de-imagenes-y-videos\/","og_site_name":"AAFCB","article_modified_time":"2024-03-08T14:39:07+00:00","twitter_card":"summary_large_image","twitter_misc":{"Tiempo de lectura":"1 minuto"},"schema":{"@context":"https:\/\/schema.org","@graph":[{"@type":"WebPage","@id":"https:\/\/aafcb.cat\/es\/galeria-de-imagenes-y-videos\/","url":"https:\/\/aafcb.cat\/es\/galeria-de-imagenes-y-videos\/","name":"Galer\u00eda de im\u00e1genes y v\u00eddeos - AAFCB","isPartOf":{"@id":"https:\/\/aafcb.cat\/es\/#website"},"datePublished":"2024-03-08T14:39:06+00:00","dateModified":"2024-03-08T14:39:07+00:00","breadcrumb":{"@id":"https:\/\/aafcb.cat\/es\/galeria-de-imagenes-y-videos\/#breadcrumb"},"inLanguage":"es","potentialAction":[{"@type":"ReadAction","target":["https:\/\/aafcb.cat\/es\/galeria-de-imagenes-y-videos\/"]}]},{"@type":"BreadcrumbList","@id":"https:\/\/aafcb.cat\/es\/galeria-de-imagenes-y-videos\/#breadcrumb","itemListElement":[{"@type":"ListItem","position":1,"name":"Inici","item":"https:\/\/aafcb.cat\/es\/"},{"@type":"ListItem","position":2,"name":"Galer\u00eda de im\u00e1genes y v\u00eddeos"}]},{"@type":"WebSite","@id":"https:\/\/aafcb.cat\/es\/#website","url":"https:\/\/aafcb.cat\/es\/","name":"AAFCB","description":"Associaci\u00f3 d&#039;Amics del Ferrocarril de Barcelona","potentialAction":[{"@type":"SearchAction","target":{"@type":"EntryPoint","urlTemplate":"https:\/\/aafcb.cat\/es\/?s={search_term_string}"},"query-input":{"@type":"PropertyValueSpecification","valueRequired":true,"valueName":"search_term_string"}}],"inLanguage":"es"}]}},"_links":{"self":[{"href":"https:\/\/aafcb.cat\/es\/wp-json\/wp\/v2\/pages\/9477","targetHints":{"allow":["GET"]}}],"collection":[{"href":"https:\/\/aafcb.cat\/es\/wp-json\/wp\/v2\/pages"}],"about":[{"href":"https:\/\/aafcb.cat\/es\/wp-json\/wp\/v2\/types\/page"}],"author":[{"embeddable":true,"href":"https:\/\/aafcb.cat\/es\/wp-json\/wp\/v2\/users\/5"}],"replies":[{"embeddable":true,"href":"https:\/\/aafcb.cat\/es\/wp-json\/wp\/v2\/comments?post=9477"}],"version-history":[{"count":2,"href":"https:\/\/aafcb.cat\/es\/wp-json\/wp\/v2\/pages\/9477\/revisions"}],"predecessor-version":[{"id":9482,"href":"https:\/\/aafcb.cat\/es\/wp-json\/wp\/v2\/pages\/9477\/revisions\/9482"}],"wp:attachment":[{"href":"https:\/\/aafcb.cat\/es\/wp-json\/wp\/v2\/media?parent=9477"}],"curies":[{"name":"wp","href":"https:\/\/api.w.org\/{rel}","templated":true}]}}