{"id":9484,"date":"2024-03-08T15:41:19","date_gmt":"2024-03-08T14:41:19","guid":{"rendered":"https:\/\/aafcb.cat\/agenda-de-eventos\/"},"modified":"2024-03-08T15:41:20","modified_gmt":"2024-03-08T14:41:20","slug":"agenda-de-eventos","status":"publish","type":"page","link":"https:\/\/aafcb.cat\/es\/agenda-de-eventos\/","title":{"rendered":"Agenda de Eventos"},"content":{"rendered":"<p>[et_pb_section transparent_background=\u00bboff\u00bb background_color=\u00bb#2ea3f2&#8243; allow_player_pause=\u00bboff\u00bb inner_shadow=\u00bbon\u00bb parallax=\u00bboff\u00bb parallax_method=\u00bbon\u00bb padding_mobile=\u00bboff\u00bb make_fullwidth=\u00bboff\u00bb use_custom_width=\u00bboff\u00bb width_unit=\u00bboff\u00bb custom_width_px=\u00bb1080px\u00bb custom_width_percent=\u00bb80%\u00bb make_equal=\u00bboff\u00bb use_custom_gutter=\u00bboff\u00bb fullwidth=\u00bbon\u00bb specialty=\u00bboff\u00bb admin_label=\u00bbsection\u00bb disabled=\u00bboff\u00bb][et_pb_fullwidth_header title=\u00bbAGENDA DE EVENTOS\u00bb subhead=\u00bbAqu\u00ed encontrar\u00e1 todas las actividades previstas. Para m\u00e1s informaci\u00f3n y c\u00f3mo participar, p\u00f3ngase en contacto con secretar\u00eda. Es importante tener en cuenta que esta agenda se actualizar\u00e1 peri\u00f3dicamente.\u00bb background_layout=\u00bbdark\u00bb text_orientation=\u00bbleft\u00bb header_fullscreen=\u00bboff\u00bb header_scroll_down=\u00bboff\u00bb scroll_down_icon=\u00bb%%3%%\u00bb title_font_color=\u00bb#ffffff\u00bb subhead_font_color=\u00bb#ffffff\u00bb background_color=\u00bb#006633&#8243; parallax=\u00bbon\u00bb parallax_method=\u00bboff\u00bb content_orientation=\u00bbcenter\u00bb image_orientation=\u00bbcenter\u00bb admin_label=\u00bbFullwidth Header\u00bb title_font_size=\u00bb36px\u00bb subhead_font_size=\u00bb17px\u00bb content_font_size=\u00bb14px\u00bb custom_button_one=\u00bboff\u00bb button_one_text_size=\u00bb20&#8243; button_one_letter_spacing=\u00bb0&#8243; button_one_use_icon=\u00bbon\u00bb button_one_icon_placement=\u00bbright\u00bb button_one_on_hover=\u00bbon\u00bb button_one_letter_spacing_hover=\u00bb0&#8243; custom_button_two=\u00bboff\u00bb button_two_text_size=\u00bb20&#8243; button_two_letter_spacing=\u00bb0&#8243; button_two_use_icon=\u00bbon\u00bb button_two_icon_placement=\u00bbright\u00bb button_two_on_hover=\u00bbon\u00bb button_two_letter_spacing_hover=\u00bb0&#8243; disabled=\u00bboff\u00bb] [\/et_pb_fullwidth_header][\/et_pb_section][et_pb_section transparent_background=\u00bboff\u00bb background_color=\u00bb#999933&#8243; allow_player_pause=\u00bboff\u00bb inner_shadow=\u00bboff\u00bb parallax=\u00bboff\u00bb parallax_method=\u00bbon\u00bb custom_padding=\u00bb10px||10px|\u00bb padding_mobile=\u00bboff\u00bb make_fullwidth=\u00bboff\u00bb use_custom_width=\u00bboff\u00bb width_unit=\u00bboff\u00bb custom_width_px=\u00bb1080px\u00bb custom_width_percent=\u00bb80%\u00bb make_equal=\u00bboff\u00bb use_custom_gutter=\u00bboff\u00bb fullwidth=\u00bboff\u00bb specialty=\u00bboff\u00bb admin_label=\u00bbSection\u00bb disabled=\u00bboff\u00bb][et_pb_row make_fullwidth=\u00bboff\u00bb use_custom_width=\u00bboff\u00bb width_unit=\u00bboff\u00bb custom_width_px=\u00bb1080px\u00bb custom_width_percent=\u00bb80%\u00bb use_custom_gutter=\u00bboff\u00bb gutter_width=\u00bb3&#8243; custom_padding=\u00bb||29px|\u00bb padding_mobile=\u00bboff\u00bb allow_player_pause=\u00bboff\u00bb parallax=\u00bboff\u00bb parallax_method=\u00bbon\u00bb make_equal=\u00bboff\u00bb column_padding_mobile=\u00bbon\u00bb parallax_1=\u00bboff\u00bb parallax_method_1=\u00bbon\u00bb parallax_2=\u00bboff\u00bb parallax_method_2=\u00bbon\u00bb parallax_3=\u00bboff\u00bb parallax_method_3=\u00bbon\u00bb parallax_4=\u00bboff\u00bb parallax_method_4=\u00bbon\u00bb disabled_on=\u00bboff|off|off\u00bb admin_label=\u00bbRow\u00bb disabled=\u00bboff\u00bb][et_pb_column type=\u00bb4_4&#8243; disabled=\u00bboff\u00bb parallax=\u00bboff\u00bb parallax_method=\u00bbon\u00bb column_padding_mobile=\u00bbon\u00bb][\/et_pb_column][\/et_pb_row][\/et_pb_section]<\/p>\n","protected":false},"excerpt":{"rendered":"","protected":false},"author":5,"featured_media":0,"parent":0,"menu_order":0,"comment_status":"closed","ping_status":"closed","template":"","meta":{"_et_pb_use_builder":"on","_et_pb_old_content":"","_et_gb_content_width":"","footnotes":""},"class_list":["post-9484","page","type-page","status-publish","hentry"],"yoast_head":"<!-- This site is optimized with the Yoast SEO plugin v27.3 - https:\/\/yoast.com\/product\/yoast-seo-wordpress\/ -->\n<title>Agenda de Eventos - AAFCB<\/title>\n<meta name=\"robots\" content=\"index, follow, max-snippet:-1, max-image-preview:large, max-video-preview:-1\" \/>\n<link rel=\"canonical\" href=\"https:\/\/aafcb.cat\/es\/agenda-de-eventos\/\" \/>\n<meta property=\"og:locale\" content=\"es_ES\" \/>\n<meta property=\"og:type\" content=\"article\" \/>\n<meta property=\"og:title\" content=\"Agenda de Eventos - AAFCB\" \/>\n<meta property=\"og:url\" content=\"https:\/\/aafcb.cat\/es\/agenda-de-eventos\/\" \/>\n<meta property=\"og:site_name\" content=\"AAFCB\" \/>\n<meta property=\"article:modified_time\" content=\"2024-03-08T14:41:20+00:00\" \/>\n<meta name=\"twitter:card\" content=\"summary_large_image\" \/>\n<meta name=\"twitter:label1\" content=\"Tiempo de lectura\" \/>\n\t<meta name=\"twitter:data1\" content=\"2 minutos\" \/>\n<script type=\"application\/ld+json\" class=\"yoast-schema-graph\">{\"@context\":\"https:\\\/\\\/schema.org\",\"@graph\":[{\"@type\":\"WebPage\",\"@id\":\"https:\\\/\\\/aafcb.cat\\\/es\\\/agenda-de-eventos\\\/\",\"url\":\"https:\\\/\\\/aafcb.cat\\\/es\\\/agenda-de-eventos\\\/\",\"name\":\"Agenda de Eventos - AAFCB\",\"isPartOf\":{\"@id\":\"https:\\\/\\\/aafcb.cat\\\/es\\\/#website\"},\"datePublished\":\"2024-03-08T14:41:19+00:00\",\"dateModified\":\"2024-03-08T14:41:20+00:00\",\"breadcrumb\":{\"@id\":\"https:\\\/\\\/aafcb.cat\\\/es\\\/agenda-de-eventos\\\/#breadcrumb\"},\"inLanguage\":\"es\",\"potentialAction\":[{\"@type\":\"ReadAction\",\"target\":[\"https:\\\/\\\/aafcb.cat\\\/es\\\/agenda-de-eventos\\\/\"]}]},{\"@type\":\"BreadcrumbList\",\"@id\":\"https:\\\/\\\/aafcb.cat\\\/es\\\/agenda-de-eventos\\\/#breadcrumb\",\"itemListElement\":[{\"@type\":\"ListItem\",\"position\":1,\"name\":\"Inici\",\"item\":\"https:\\\/\\\/aafcb.cat\\\/es\\\/\"},{\"@type\":\"ListItem\",\"position\":2,\"name\":\"Agenda de Eventos\"}]},{\"@type\":\"WebSite\",\"@id\":\"https:\\\/\\\/aafcb.cat\\\/es\\\/#website\",\"url\":\"https:\\\/\\\/aafcb.cat\\\/es\\\/\",\"name\":\"AAFCB\",\"description\":\"Associaci\u00f3 d&#039;Amics del Ferrocarril de Barcelona\",\"potentialAction\":[{\"@type\":\"SearchAction\",\"target\":{\"@type\":\"EntryPoint\",\"urlTemplate\":\"https:\\\/\\\/aafcb.cat\\\/es\\\/?s={search_term_string}\"},\"query-input\":{\"@type\":\"PropertyValueSpecification\",\"valueRequired\":true,\"valueName\":\"search_term_string\"}}],\"inLanguage\":\"es\"}]}<\/script>\n<!-- \/ Yoast SEO plugin. -->","yoast_head_json":{"title":"Agenda de Eventos - AAFCB","robots":{"index":"index","follow":"follow","max-snippet":"max-snippet:-1","max-image-preview":"max-image-preview:large","max-video-preview":"max-video-preview:-1"},"canonical":"https:\/\/aafcb.cat\/es\/agenda-de-eventos\/","og_locale":"es_ES","og_type":"article","og_title":"Agenda de Eventos - AAFCB","og_url":"https:\/\/aafcb.cat\/es\/agenda-de-eventos\/","og_site_name":"AAFCB","article_modified_time":"2024-03-08T14:41:20+00:00","twitter_card":"summary_large_image","twitter_misc":{"Tiempo de lectura":"2 minutos"},"schema":{"@context":"https:\/\/schema.org","@graph":[{"@type":"WebPage","@id":"https:\/\/aafcb.cat\/es\/agenda-de-eventos\/","url":"https:\/\/aafcb.cat\/es\/agenda-de-eventos\/","name":"Agenda de Eventos - AAFCB","isPartOf":{"@id":"https:\/\/aafcb.cat\/es\/#website"},"datePublished":"2024-03-08T14:41:19+00:00","dateModified":"2024-03-08T14:41:20+00:00","breadcrumb":{"@id":"https:\/\/aafcb.cat\/es\/agenda-de-eventos\/#breadcrumb"},"inLanguage":"es","potentialAction":[{"@type":"ReadAction","target":["https:\/\/aafcb.cat\/es\/agenda-de-eventos\/"]}]},{"@type":"BreadcrumbList","@id":"https:\/\/aafcb.cat\/es\/agenda-de-eventos\/#breadcrumb","itemListElement":[{"@type":"ListItem","position":1,"name":"Inici","item":"https:\/\/aafcb.cat\/es\/"},{"@type":"ListItem","position":2,"name":"Agenda de Eventos"}]},{"@type":"WebSite","@id":"https:\/\/aafcb.cat\/es\/#website","url":"https:\/\/aafcb.cat\/es\/","name":"AAFCB","description":"Associaci\u00f3 d&#039;Amics del Ferrocarril de Barcelona","potentialAction":[{"@type":"SearchAction","target":{"@type":"EntryPoint","urlTemplate":"https:\/\/aafcb.cat\/es\/?s={search_term_string}"},"query-input":{"@type":"PropertyValueSpecification","valueRequired":true,"valueName":"search_term_string"}}],"inLanguage":"es"}]}},"_links":{"self":[{"href":"https:\/\/aafcb.cat\/es\/wp-json\/wp\/v2\/pages\/9484","targetHints":{"allow":["GET"]}}],"collection":[{"href":"https:\/\/aafcb.cat\/es\/wp-json\/wp\/v2\/pages"}],"about":[{"href":"https:\/\/aafcb.cat\/es\/wp-json\/wp\/v2\/types\/page"}],"author":[{"embeddable":true,"href":"https:\/\/aafcb.cat\/es\/wp-json\/wp\/v2\/users\/5"}],"replies":[{"embeddable":true,"href":"https:\/\/aafcb.cat\/es\/wp-json\/wp\/v2\/comments?post=9484"}],"version-history":[{"count":2,"href":"https:\/\/aafcb.cat\/es\/wp-json\/wp\/v2\/pages\/9484\/revisions"}],"predecessor-version":[{"id":9489,"href":"https:\/\/aafcb.cat\/es\/wp-json\/wp\/v2\/pages\/9484\/revisions\/9489"}],"wp:attachment":[{"href":"https:\/\/aafcb.cat\/es\/wp-json\/wp\/v2\/media?parent=9484"}],"curies":[{"name":"wp","href":"https:\/\/api.w.org\/{rel}","templated":true}]}}